{"id":165,"date":"2018-06-14T08:44:48","date_gmt":"2018-06-14T08:44:48","guid":{"rendered":"http:\/\/bekaert.swimberghe.be\/?page_id=165"},"modified":"2018-07-11T11:20:08","modified_gmt":"2018-07-11T11:20:08","slug":"une-entreprise-familiale","status":"publish","type":"page","link":"https:\/\/www.bekaertnv.com\/fr\/une-entreprise-familiale\/","title":{"rendered":"Une entreprise familiale"},"content":{"rendered":"<p style=\"font-weight: 400;\">Cr\u00e9\u00e9e en 1920 par Adolf et Remi Bekaert, Bekaert La Visonnette ze sp\u00e9cialise dans le tannage de fourures et de peaux de mouton.<\/p>\n<p style=\"font-weight: 400;\">Dans les ann\u00e9es \u201950 la succession f\u00fbt assur\u00e9e par Maurice et Paul Bekaert.<\/p>\n<p style=\"font-weight: 400;\">En 1977 une nouvelle tannerie f\u00fbt construite dans la zone industrielle \u00e0 Oudenaarde. Maurice Bekaert et son fils Alain cr\u00e9erent une unit\u00e9e de production fort en avance pour son temps, ce specialisant sur les doublures de mouton, peaux de d\u00e9coration et peaux m\u00e9dicinales.<\/p>\n<p style=\"font-weight: 400;\">Nous sommes en possession des certificats TUV et REACH de tel sorte que nous pouvons vous assurer la qualit\u00e9 de nos produits.<\/p>\n<p style=\"font-weight: 400;\">Notre location au centre de l\u2019Europe et le gros volume en stock guarantie une livraison rapide aussi bien pour l\u2019Europe que pour les pays hors de l\u2019UE.<\/p>\n<p style=\"font-weight: 400;\">Notre position centrale ainsi que nos stocks assurent une livraison tr\u00e8s rapide. Pour toute exportation hors d\u2019Europe nous pouvons vous assurer d\u2019une tr\u00e8s grande exp\u00e9rience concernant transport et documents.<\/p>\n\n\t\t<style type=\"text\/css\">\n\t\t\t#gallery-1 {\n\t\t\t\tmargin: auto;\n\t\t\t}\n\t\t\t#gallery-1 .gallery-item {\n\t\t\t\tfloat: left;\n\t\t\t\tmargin-top: 10px;\n\t\t\t\ttext-align: center;\n\t\t\t\twidth: 25%;\n\t\t\t}\n\t\t\t#gallery-1 img {\n\t\t\t\tborder: 2px solid #cfcfcf;\n\t\t\t}\n\t\t\t#gallery-1 .gallery-caption {\n\t\t\t\tmargin-left: 0;\n\t\t\t}\n\t\t\t\/* see gallery_shortcode() in wp-includes\/media.php *\/\n\t\t<\/style>\n\t\t<div id='gallery-1' class='gallery galleryid-165 gallery-columns-4 gallery-size-large'><dl class='gallery-item'>\n\t\t\t<dt class='gallery-icon landscape'>\n\t\t\t\t<img loading=\"lazy\" decoding=\"async\" width=\"1024\" height=\"734\" src=\"https:\/\/www.bekaertnv.com\/wp-content\/uploads\/2018\/07\/ok_bw_scan52-1024x734.jpg\" class=\"attachment-large size-large\" alt=\"\" srcset=\"https:\/\/www.bekaertnv.com\/wp-content\/uploads\/2018\/07\/ok_bw_scan52-1024x734.jpg 1024w, https:\/\/www.bekaertnv.com\/wp-content\/uploads\/2018\/07\/ok_bw_scan52-300x215.jpg 300w, https:\/\/www.bekaertnv.com\/wp-content\/uploads\/2018\/07\/ok_bw_scan52-768x551.jpg 768w, https:\/\/www.bekaertnv.com\/wp-content\/uploads\/2018\/07\/ok_bw_scan52.jpg 1286w\" sizes=\"auto, (max-width: 1024px) 100vw, 1024px\" \/>\n\t\t\t<\/dt><\/dl><dl class='gallery-item'>\n\t\t\t<dt class='gallery-icon landscape'>\n\t\t\t\t<img loading=\"lazy\" decoding=\"async\" width=\"1024\" height=\"736\" src=\"https:\/\/www.bekaertnv.com\/wp-content\/uploads\/2018\/07\/ok_bw_scan49-1024x736.jpg\" class=\"attachment-large size-large\" alt=\"\" srcset=\"https:\/\/www.bekaertnv.com\/wp-content\/uploads\/2018\/07\/ok_bw_scan49-1024x736.jpg 1024w, https:\/\/www.bekaertnv.com\/wp-content\/uploads\/2018\/07\/ok_bw_scan49-300x216.jpg 300w, https:\/\/www.bekaertnv.com\/wp-content\/uploads\/2018\/07\/ok_bw_scan49-768x552.jpg 768w, https:\/\/www.bekaertnv.com\/wp-content\/uploads\/2018\/07\/ok_bw_scan49.jpg 1282w\" sizes=\"auto, (max-width: 1024px) 100vw, 1024px\" \/>\n\t\t\t<\/dt><\/dl><dl class='gallery-item'>\n\t\t\t<dt class='gallery-icon landscape'>\n\t\t\t\t<img loading=\"lazy\" decoding=\"async\" width=\"1024\" height=\"730\" src=\"https:\/\/www.bekaertnv.com\/wp-content\/uploads\/2018\/07\/ok_bw_scan46-1024x730.jpg\" class=\"attachment-large size-large\" alt=\"\" srcset=\"https:\/\/www.bekaertnv.com\/wp-content\/uploads\/2018\/07\/ok_bw_scan46-1024x730.jpg 1024w, https:\/\/www.bekaertnv.com\/wp-content\/uploads\/2018\/07\/ok_bw_scan46-300x214.jpg 300w, https:\/\/www.bekaertnv.com\/wp-content\/uploads\/2018\/07\/ok_bw_scan46-768x548.jpg 768w, https:\/\/www.bekaertnv.com\/wp-content\/uploads\/2018\/07\/ok_bw_scan46.jpg 1286w\" sizes=\"auto, (max-width: 1024px) 100vw, 1024px\" \/>\n\t\t\t<\/dt><\/dl><dl class='gallery-item'>\n\t\t\t<dt class='gallery-icon landscape'>\n\t\t\t\t<img loading=\"lazy\" decoding=\"async\" width=\"1024\" height=\"734\" src=\"https:\/\/www.bekaertnv.com\/wp-content\/uploads\/2018\/07\/ok_bw_scan44-1024x734.jpg\" class=\"attachment-large size-large\" alt=\"\" srcset=\"https:\/\/www.bekaertnv.com\/wp-content\/uploads\/2018\/07\/ok_bw_scan44-1024x734.jpg 1024w, https:\/\/www.bekaertnv.com\/wp-content\/uploads\/2018\/07\/ok_bw_scan44-300x215.jpg 300w, https:\/\/www.bekaertnv.com\/wp-content\/uploads\/2018\/07\/ok_bw_scan44-768x551.jpg 768w, https:\/\/www.bekaertnv.com\/wp-content\/uploads\/2018\/07\/ok_bw_scan44.jpg 1286w\" sizes=\"auto, (max-width: 1024px) 100vw, 1024px\" \/>\n\t\t\t<\/dt><\/dl><br style=\"clear: both\" \/>\n\t\t<\/div>\n\n","protected":false},"excerpt":{"rendered":"<p>Cr\u00e9\u00e9e en 1920 par Adolf et Remi Bekaert, Bekaert La Visonnette ze sp\u00e9cialise dans le tannage de fourures et de peaux de mouton. Dans les ann\u00e9es \u201950 la succession f\u00fbt assur\u00e9e par Maurice et Paul Bekaert. En 1977 une nouvelle tannerie f\u00fbt construite dans la zone industrielle \u00e0 Oudenaarde. Maurice Bekaert et son fils Alain [&hellip;]<\/p>\n","protected":false},"author":1,"featured_media":461,"parent":0,"menu_order":0,"comment_status":"closed","ping_status":"closed","template":"","meta":{"_acf_changed":false,"footnotes":""},"class_list":["post-165","page","type-page","status-publish","has-post-thumbnail","hentry"],"acf":[],"_links":{"self":[{"href":"https:\/\/www.bekaertnv.com\/fr\/wp-json\/wp\/v2\/pages\/165","targetHints":{"allow":["GET"]}}],"collection":[{"href":"https:\/\/www.bekaertnv.com\/fr\/wp-json\/wp\/v2\/pages"}],"about":[{"href":"https:\/\/www.bekaertnv.com\/fr\/wp-json\/wp\/v2\/types\/page"}],"author":[{"embeddable":true,"href":"https:\/\/www.bekaertnv.com\/fr\/wp-json\/wp\/v2\/users\/1"}],"replies":[{"embeddable":true,"href":"https:\/\/www.bekaertnv.com\/fr\/wp-json\/wp\/v2\/comments?post=165"}],"version-history":[{"count":4,"href":"https:\/\/www.bekaertnv.com\/fr\/wp-json\/wp\/v2\/pages\/165\/revisions"}],"predecessor-version":[{"id":267,"href":"https:\/\/www.bekaertnv.com\/fr\/wp-json\/wp\/v2\/pages\/165\/revisions\/267"}],"wp:featuredmedia":[{"embeddable":true,"href":"https:\/\/www.bekaertnv.com\/fr\/wp-json\/wp\/v2\/media\/461"}],"wp:attachment":[{"href":"https:\/\/www.bekaertnv.com\/fr\/wp-json\/wp\/v2\/media?parent=165"}],"curies":[{"name":"wp","href":"https:\/\/api.w.org\/{rel}","templated":true}]}}